{"id":37,"date":"2024-09-17T09:40:44","date_gmt":"2024-09-17T09:40:44","guid":{"rendered":"https:\/\/www.easygel.fi\/?post_type=product&#038;p=37"},"modified":"2024-09-24T07:47:22","modified_gmt":"2024-09-24T07:47:22","slug":"naytteenottotyokalu-kylpyhuoneen-seinaa-lattia-tai-keittion-valitilan-laatoitusta-varten","status":"publish","type":"product","link":"https:\/\/www.easygel.fi\/index.php\/tuote\/naytteenottotyokalu-kylpyhuoneen-seinaa-lattia-tai-keittion-valitilan-laatoitusta-varten\/","title":{"rendered":"N\u00e4ytteenottoty\u00f6kalu kylpyhuoneen sein\u00e4\u00e4\/lattia tai keitti\u00f6n v\u00e4litilan laatoitusta varten"},"content":{"rendered":"","protected":false},"excerpt":{"rendered":"<p>Ty\u00f6kalun avulla voidaan ottaa asbestin\u00e4yte p\u00f6lytt\u00f6m\u00e4sti.<\/p>\n<p>1. Ty\u00f6kalu kiinnitet\u00e4\u00e4n imukupin avulla laatoitukseen ja n\u00e4ytteenotto reik\u00e4 t\u00e4ytet\u00e4\u00e4n geelill\u00e4.<br \/>\n2. Asbestin\u00e4yte porataan rei\u00e4n l\u00e4pi, geeli sitoo porauksesta normaalisti syntyv\u00e4n p\u00f6lyn.<br \/>\n3. Geeli ei vaikuta n\u00e4ytteen analysointiin.<\/p>\n<p><strong>[maxbutton id=\"1\"]<\/strong><\/p>\n","protected":false},"featured_media":99,"comment_status":"closed","ping_status":"closed","template":"","meta":[],"product_brand":[],"product_cat":[16],"product_tag":[],"class_list":{"0":"post-37","1":"product","2":"type-product","3":"status-publish","4":"has-post-thumbnail","6":"product_cat-yleinen","8":"entry","9":"has-media","11":"first","12":"instock","13":"shipping-taxable","14":"product-type-simple","15":"col","16":"span_1_of_3","17":"owp-content-center","18":"owp-thumbs-layout-horizontal","19":"owp-btn-normal","20":"owp-tabs-layout-horizontal","21":"has-no-thumbnails"},"yoast_head":"<!-- This site is optimized with the Yoast SEO plugin v27.5 - https:\/\/yoast.com\/product\/yoast-seo-wordpress\/ -->\n<title>N\u00e4ytteenottoty\u00f6kalu kylpyhuoneen sein\u00e4\u00e4\/lattia tai keitti\u00f6n v\u00e4litilan laatoitusta varten - Easygel<\/title>\n<meta name=\"robots\" content=\"index, follow, max-snippet:-1, max-image-preview:large, max-video-preview:-1\" \/>\n<link rel=\"canonical\" href=\"https:\/\/www.easygel.fi\/index.php\/tuote\/naytteenottotyokalu-kylpyhuoneen-seinaa-lattia-tai-keittion-valitilan-laatoitusta-varten\/\" \/>\n<meta property=\"og:locale\" content=\"fi_FI\" \/>\n<meta property=\"og:type\" content=\"article\" \/>\n<meta property=\"og:title\" content=\"N\u00e4ytteenottoty\u00f6kalu kylpyhuoneen sein\u00e4\u00e4\/lattia tai keitti\u00f6n v\u00e4litilan laatoitusta varten - Easygel\" \/>\n<meta property=\"og:description\" content=\"Ty\u00f6kalun avulla voidaan ottaa asbestin\u00e4yte p\u00f6lytt\u00f6m\u00e4sti.  1. Ty\u00f6kalu kiinnitet\u00e4\u00e4n imukupin avulla laatoitukseen ja n\u00e4ytteenotto reik\u00e4 t\u00e4ytet\u00e4\u00e4n geelill\u00e4. 2. Asbestin\u00e4yte porataan rei\u00e4n l\u00e4pi, geeli sitoo porauksesta normaalisti syntyv\u00e4n p\u00f6lyn. 3. Geeli ei vaikuta n\u00e4ytteen analysointiin.\" \/>\n<meta property=\"og:url\" content=\"https:\/\/www.easygel.fi\/index.php\/tuote\/naytteenottotyokalu-kylpyhuoneen-seinaa-lattia-tai-keittion-valitilan-laatoitusta-varten\/\" \/>\n<meta property=\"og:site_name\" content=\"Easygel\" \/>\n<meta property=\"article:modified_time\" content=\"2024-09-24T07:47:22+00:00\" \/>\n<meta property=\"og:image\" content=\"https:\/\/www.easygel.fi\/wp-content\/uploads\/2024\/09\/Tyokalu-asbestinaytteen-ottamiseen-e1727088547318.png\" \/>\n\t<meta property=\"og:image:width\" content=\"660\" \/>\n\t<meta property=\"og:image:height\" content=\"660\" \/>\n\t<meta property=\"og:image:type\" content=\"image\/png\" \/>\n<meta name=\"twitter:card\" content=\"summary_large_image\" \/>\n<script type=\"application\/ld+json\" class=\"yoast-schema-graph\">{\"@context\":\"https:\\\/\\\/schema.org\",\"@graph\":[{\"@type\":\"WebPage\",\"@id\":\"https:\\\/\\\/www.easygel.fi\\\/index.php\\\/tuote\\\/naytteenottotyokalu-kylpyhuoneen-seinaa-lattia-tai-keittion-valitilan-laatoitusta-varten\\\/\",\"url\":\"https:\\\/\\\/www.easygel.fi\\\/index.php\\\/tuote\\\/naytteenottotyokalu-kylpyhuoneen-seinaa-lattia-tai-keittion-valitilan-laatoitusta-varten\\\/\",\"name\":\"N\u00e4ytteenottoty\u00f6kalu kylpyhuoneen sein\u00e4\u00e4\\\/lattia tai keitti\u00f6n v\u00e4litilan laatoitusta varten - Easygel\",\"isPartOf\":{\"@id\":\"https:\\\/\\\/www.easygel.fi\\\/#website\"},\"primaryImageOfPage\":{\"@id\":\"https:\\\/\\\/www.easygel.fi\\\/index.php\\\/tuote\\\/naytteenottotyokalu-kylpyhuoneen-seinaa-lattia-tai-keittion-valitilan-laatoitusta-varten\\\/#primaryimage\"},\"image\":{\"@id\":\"https:\\\/\\\/www.easygel.fi\\\/index.php\\\/tuote\\\/naytteenottotyokalu-kylpyhuoneen-seinaa-lattia-tai-keittion-valitilan-laatoitusta-varten\\\/#primaryimage\"},\"thumbnailUrl\":\"https:\\\/\\\/www.easygel.fi\\\/wp-content\\\/uploads\\\/2024\\\/09\\\/Tyokalu-asbestinaytteen-ottamiseen-e1727088547318.png\",\"datePublished\":\"2024-09-17T09:40:44+00:00\",\"dateModified\":\"2024-09-24T07:47:22+00:00\",\"breadcrumb\":{\"@id\":\"https:\\\/\\\/www.easygel.fi\\\/index.php\\\/tuote\\\/naytteenottotyokalu-kylpyhuoneen-seinaa-lattia-tai-keittion-valitilan-laatoitusta-varten\\\/#breadcrumb\"},\"inLanguage\":\"fi\",\"potentialAction\":[{\"@type\":\"ReadAction\",\"target\":[\"https:\\\/\\\/www.easygel.fi\\\/index.php\\\/tuote\\\/naytteenottotyokalu-kylpyhuoneen-seinaa-lattia-tai-keittion-valitilan-laatoitusta-varten\\\/\"]}]},{\"@type\":\"ImageObject\",\"inLanguage\":\"fi\",\"@id\":\"https:\\\/\\\/www.easygel.fi\\\/index.php\\\/tuote\\\/naytteenottotyokalu-kylpyhuoneen-seinaa-lattia-tai-keittion-valitilan-laatoitusta-varten\\\/#primaryimage\",\"url\":\"https:\\\/\\\/www.easygel.fi\\\/wp-content\\\/uploads\\\/2024\\\/09\\\/Tyokalu-asbestinaytteen-ottamiseen-e1727088547318.png\",\"contentUrl\":\"https:\\\/\\\/www.easygel.fi\\\/wp-content\\\/uploads\\\/2024\\\/09\\\/Tyokalu-asbestinaytteen-ottamiseen-e1727088547318.png\",\"width\":660,\"height\":660},{\"@type\":\"BreadcrumbList\",\"@id\":\"https:\\\/\\\/www.easygel.fi\\\/index.php\\\/tuote\\\/naytteenottotyokalu-kylpyhuoneen-seinaa-lattia-tai-keittion-valitilan-laatoitusta-varten\\\/#breadcrumb\",\"itemListElement\":[{\"@type\":\"ListItem\",\"position\":1,\"name\":\"Etusivu\",\"item\":\"https:\\\/\\\/www.easygel.fi\\\/\"},{\"@type\":\"ListItem\",\"position\":2,\"name\":\"Tuotteet\",\"item\":\"https:\\\/\\\/www.easygel.fi\\\/index.php\\\/shop\\\/\"},{\"@type\":\"ListItem\",\"position\":3,\"name\":\"N\u00e4ytteenottoty\u00f6kalu kylpyhuoneen sein\u00e4\u00e4\\\/lattia tai keitti\u00f6n v\u00e4litilan laatoitusta varten\"}]},{\"@type\":\"WebSite\",\"@id\":\"https:\\\/\\\/www.easygel.fi\\\/#website\",\"url\":\"https:\\\/\\\/www.easygel.fi\\\/\",\"name\":\"Easygel\",\"description\":\"\",\"potentialAction\":[{\"@type\":\"SearchAction\",\"target\":{\"@type\":\"EntryPoint\",\"urlTemplate\":\"https:\\\/\\\/www.easygel.fi\\\/?s={search_term_string}\"},\"query-input\":{\"@type\":\"PropertyValueSpecification\",\"valueRequired\":true,\"valueName\":\"search_term_string\"}}],\"inLanguage\":\"fi\"}]}<\/script>\n<!-- \/ Yoast SEO plugin. -->","yoast_head_json":{"title":"N\u00e4ytteenottoty\u00f6kalu kylpyhuoneen sein\u00e4\u00e4\/lattia tai keitti\u00f6n v\u00e4litilan laatoitusta varten - Easygel","robots":{"index":"index","follow":"follow","max-snippet":"max-snippet:-1","max-image-preview":"max-image-preview:large","max-video-preview":"max-video-preview:-1"},"canonical":"https:\/\/www.easygel.fi\/index.php\/tuote\/naytteenottotyokalu-kylpyhuoneen-seinaa-lattia-tai-keittion-valitilan-laatoitusta-varten\/","og_locale":"fi_FI","og_type":"article","og_title":"N\u00e4ytteenottoty\u00f6kalu kylpyhuoneen sein\u00e4\u00e4\/lattia tai keitti\u00f6n v\u00e4litilan laatoitusta varten - Easygel","og_description":"Ty\u00f6kalun avulla voidaan ottaa asbestin\u00e4yte p\u00f6lytt\u00f6m\u00e4sti.  1. Ty\u00f6kalu kiinnitet\u00e4\u00e4n imukupin avulla laatoitukseen ja n\u00e4ytteenotto reik\u00e4 t\u00e4ytet\u00e4\u00e4n geelill\u00e4. 2. Asbestin\u00e4yte porataan rei\u00e4n l\u00e4pi, geeli sitoo porauksesta normaalisti syntyv\u00e4n p\u00f6lyn. 3. Geeli ei vaikuta n\u00e4ytteen analysointiin.","og_url":"https:\/\/www.easygel.fi\/index.php\/tuote\/naytteenottotyokalu-kylpyhuoneen-seinaa-lattia-tai-keittion-valitilan-laatoitusta-varten\/","og_site_name":"Easygel","article_modified_time":"2024-09-24T07:47:22+00:00","og_image":[{"width":660,"height":660,"url":"https:\/\/www.easygel.fi\/wp-content\/uploads\/2024\/09\/Tyokalu-asbestinaytteen-ottamiseen-e1727088547318.png","type":"image\/png"}],"twitter_card":"summary_large_image","schema":{"@context":"https:\/\/schema.org","@graph":[{"@type":"WebPage","@id":"https:\/\/www.easygel.fi\/index.php\/tuote\/naytteenottotyokalu-kylpyhuoneen-seinaa-lattia-tai-keittion-valitilan-laatoitusta-varten\/","url":"https:\/\/www.easygel.fi\/index.php\/tuote\/naytteenottotyokalu-kylpyhuoneen-seinaa-lattia-tai-keittion-valitilan-laatoitusta-varten\/","name":"N\u00e4ytteenottoty\u00f6kalu kylpyhuoneen sein\u00e4\u00e4\/lattia tai keitti\u00f6n v\u00e4litilan laatoitusta varten - Easygel","isPartOf":{"@id":"https:\/\/www.easygel.fi\/#website"},"primaryImageOfPage":{"@id":"https:\/\/www.easygel.fi\/index.php\/tuote\/naytteenottotyokalu-kylpyhuoneen-seinaa-lattia-tai-keittion-valitilan-laatoitusta-varten\/#primaryimage"},"image":{"@id":"https:\/\/www.easygel.fi\/index.php\/tuote\/naytteenottotyokalu-kylpyhuoneen-seinaa-lattia-tai-keittion-valitilan-laatoitusta-varten\/#primaryimage"},"thumbnailUrl":"https:\/\/www.easygel.fi\/wp-content\/uploads\/2024\/09\/Tyokalu-asbestinaytteen-ottamiseen-e1727088547318.png","datePublished":"2024-09-17T09:40:44+00:00","dateModified":"2024-09-24T07:47:22+00:00","breadcrumb":{"@id":"https:\/\/www.easygel.fi\/index.php\/tuote\/naytteenottotyokalu-kylpyhuoneen-seinaa-lattia-tai-keittion-valitilan-laatoitusta-varten\/#breadcrumb"},"inLanguage":"fi","potentialAction":[{"@type":"ReadAction","target":["https:\/\/www.easygel.fi\/index.php\/tuote\/naytteenottotyokalu-kylpyhuoneen-seinaa-lattia-tai-keittion-valitilan-laatoitusta-varten\/"]}]},{"@type":"ImageObject","inLanguage":"fi","@id":"https:\/\/www.easygel.fi\/index.php\/tuote\/naytteenottotyokalu-kylpyhuoneen-seinaa-lattia-tai-keittion-valitilan-laatoitusta-varten\/#primaryimage","url":"https:\/\/www.easygel.fi\/wp-content\/uploads\/2024\/09\/Tyokalu-asbestinaytteen-ottamiseen-e1727088547318.png","contentUrl":"https:\/\/www.easygel.fi\/wp-content\/uploads\/2024\/09\/Tyokalu-asbestinaytteen-ottamiseen-e1727088547318.png","width":660,"height":660},{"@type":"BreadcrumbList","@id":"https:\/\/www.easygel.fi\/index.php\/tuote\/naytteenottotyokalu-kylpyhuoneen-seinaa-lattia-tai-keittion-valitilan-laatoitusta-varten\/#breadcrumb","itemListElement":[{"@type":"ListItem","position":1,"name":"Etusivu","item":"https:\/\/www.easygel.fi\/"},{"@type":"ListItem","position":2,"name":"Tuotteet","item":"https:\/\/www.easygel.fi\/index.php\/shop\/"},{"@type":"ListItem","position":3,"name":"N\u00e4ytteenottoty\u00f6kalu kylpyhuoneen sein\u00e4\u00e4\/lattia tai keitti\u00f6n v\u00e4litilan laatoitusta varten"}]},{"@type":"WebSite","@id":"https:\/\/www.easygel.fi\/#website","url":"https:\/\/www.easygel.fi\/","name":"Easygel","description":"","potentialAction":[{"@type":"SearchAction","target":{"@type":"EntryPoint","urlTemplate":"https:\/\/www.easygel.fi\/?s={search_term_string}"},"query-input":{"@type":"PropertyValueSpecification","valueRequired":true,"valueName":"search_term_string"}}],"inLanguage":"fi"}]}},"_links":{"self":[{"href":"https:\/\/www.easygel.fi\/index.php\/wp-json\/wp\/v2\/product\/37","targetHints":{"allow":["GET"]}}],"collection":[{"href":"https:\/\/www.easygel.fi\/index.php\/wp-json\/wp\/v2\/product"}],"about":[{"href":"https:\/\/www.easygel.fi\/index.php\/wp-json\/wp\/v2\/types\/product"}],"replies":[{"embeddable":true,"href":"https:\/\/www.easygel.fi\/index.php\/wp-json\/wp\/v2\/comments?post=37"}],"wp:featuredmedia":[{"embeddable":true,"href":"https:\/\/www.easygel.fi\/index.php\/wp-json\/wp\/v2\/media\/99"}],"wp:attachment":[{"href":"https:\/\/www.easygel.fi\/index.php\/wp-json\/wp\/v2\/media?parent=37"}],"wp:term":[{"taxonomy":"product_brand","embeddable":true,"href":"https:\/\/www.easygel.fi\/index.php\/wp-json\/wp\/v2\/product_brand?post=37"},{"taxonomy":"product_cat","embeddable":true,"href":"https:\/\/www.easygel.fi\/index.php\/wp-json\/wp\/v2\/product_cat?post=37"},{"taxonomy":"product_tag","embeddable":true,"href":"https:\/\/www.easygel.fi\/index.php\/wp-json\/wp\/v2\/product_tag?post=37"}],"curies":[{"name":"wp","href":"https:\/\/api.w.org\/{rel}","templated":true}]}}