{"id":25,"date":"2024-08-12T09:29:06","date_gmt":"2024-08-12T09:29:06","guid":{"rendered":"https:\/\/www.easygel.fi\/?page_id=25"},"modified":"2024-10-09T08:59:48","modified_gmt":"2024-10-09T08:59:48","slug":"etusivu","status":"publish","type":"page","link":"https:\/\/www.easygel.fi\/","title":{"rendered":"Etusivu"},"content":{"rendered":"\t\t<div data-elementor-type=\"wp-page\" data-elementor-id=\"25\" class=\"elementor elementor-25\">\n\t\t\t\t<div class=\"elementor-element elementor-element-e78f68d e-flex e-con-boxed e-con e-parent\" data-id=\"e78f68d\" data-element_type=\"container\" data-e-type=\"container\">\n\t\t\t\t\t<div class=\"e-con-inner\">\n\t\t<div class=\"elementor-element elementor-element-a601bd3 e-con-full e-flex e-con e-child\" data-id=\"a601bd3\" data-element_type=\"container\" data-e-type=\"container\">\n\t\t\t\t<\/div>\n\t\t\t\t\t<\/div>\n\t\t\t\t<\/div>\n\t\t<div class=\"elementor-element elementor-element-b78e1b7 e-flex e-con-boxed e-con e-parent\" data-id=\"b78e1b7\" data-element_type=\"container\" data-e-type=\"container\" data-settings=\"{&quot;background_background&quot;:&quot;slideshow&quot;,&quot;background_slideshow_gallery&quot;:[{&quot;id&quot;:139,&quot;url&quot;:&quot;https:\\\/\\\/www.easygel.fi\\\/wp-content\\\/uploads\\\/2024\\\/09\\\/Tausta-8.png&quot;},{&quot;id&quot;:141,&quot;url&quot;:&quot;https:\\\/\\\/www.easygel.fi\\\/wp-content\\\/uploads\\\/2024\\\/09\\\/Tausta-7.png&quot;}],&quot;background_slideshow_slide_duration&quot;:6000,&quot;background_slideshow_transition_duration&quot;:1500,&quot;background_slideshow_ken_burns&quot;:&quot;yes&quot;,&quot;background_slideshow_loop&quot;:&quot;yes&quot;,&quot;background_slideshow_slide_transition&quot;:&quot;fade&quot;,&quot;background_slideshow_ken_burns_zoom_direction&quot;:&quot;in&quot;}\">\n\t\t\t\t\t<div class=\"e-con-inner\">\n\t\t<div class=\"elementor-element elementor-element-19637ec e-con-full e-flex elementor-invisible e-con e-child\" data-id=\"19637ec\" data-element_type=\"container\" data-e-type=\"container\" data-settings=\"{&quot;animation&quot;:&quot;fadeIn&quot;,&quot;animation_mobile&quot;:&quot;none&quot;}\">\n\t\t\t\t<div class=\"elementor-element elementor-element-56e7c84 elementor-widget elementor-widget-heading\" data-id=\"56e7c84\" data-element_type=\"widget\" data-e-type=\"widget\" data-widget_type=\"heading.default\">\n\t\t\t\t<div class=\"elementor-widget-container\">\n\t\t\t\t\t<h2 class=\"elementor-heading-title elementor-size-default\">Easygel<\/h2>\t\t\t\t<\/div>\n\t\t\t\t<\/div>\n\t\t\t\t<div class=\"elementor-element elementor-element-2a36b67 elementor-widget elementor-widget-text-editor\" data-id=\"2a36b67\" data-element_type=\"widget\" data-e-type=\"widget\" data-widget_type=\"text-editor.default\">\n\t\t\t\t<div class=\"elementor-widget-container\">\n\t\t\t\t\t\t\t\t\t<p>Easygel Protect BCL valmistaa tuotteita p\u00f6lynhallintaan. Yrityksell\u00e4 on tuotteita mm. kiviainesten porauksessa syntyv\u00e4n p\u00f6lyn hallintaan, timanttiporaukseen, putkien katkaisuun, asfaltin leikkaukseen ja poraukseen, tapetin poistoon yms.<\/p>\t\t\t\t\t\t\t\t<\/div>\n\t\t\t\t<\/div>\n\t\t\t\t<div class=\"elementor-element elementor-element-01d1811 elementor-align-center elementor-widget elementor-widget-button\" data-id=\"01d1811\" data-element_type=\"widget\" data-e-type=\"widget\" data-widget_type=\"button.default\">\n\t\t\t\t<div class=\"elementor-widget-container\">\n\t\t\t\t\t\t\t\t\t<div class=\"elementor-button-wrapper\">\n\t\t\t\t\t<a class=\"elementor-button elementor-button-link elementor-size-sm\" href=\"#yhteystiedot\">\n\t\t\t\t\t\t<span class=\"elementor-button-content-wrapper\">\n\t\t\t\t\t\t\t\t\t<span class=\"elementor-button-text\">OTA YHTEYTT\u00c4<\/span>\n\t\t\t\t\t<\/span>\n\t\t\t\t\t<\/a>\n\t\t\t\t<\/div>\n\t\t\t\t\t\t\t\t<\/div>\n\t\t\t\t<\/div>\n\t\t\t\t<\/div>\n\t\t\t\t\t<\/div>\n\t\t\t\t<\/div>\n\t\t<div class=\"elementor-element elementor-element-406031a e-flex e-con-boxed e-con e-parent\" data-id=\"406031a\" data-element_type=\"container\" data-e-type=\"container\" data-settings=\"{&quot;background_background&quot;:&quot;classic&quot;}\">\n\t\t\t\t\t<div class=\"e-con-inner\">\n\t\t<div class=\"elementor-element elementor-element-b2bf7c9 e-con-full e-flex e-con e-child\" data-id=\"b2bf7c9\" data-element_type=\"container\" data-e-type=\"container\">\n\t\t\t\t<div class=\"elementor-element elementor-element-b366eb2 elementor-widget elementor-widget-image\" data-id=\"b366eb2\" data-element_type=\"widget\" data-e-type=\"widget\" data-widget_type=\"image.default\">\n\t\t\t\t<div class=\"elementor-widget-container\">\n\t\t\t\t\t\t\t\t\t\t\t\t\t\t\t<img fetchpriority=\"high\" decoding=\"async\" width=\"800\" height=\"450\" src=\"https:\/\/www.easygel.fi\/wp-content\/uploads\/2024\/09\/Tausta-7-800x450.png\" class=\"attachment-ocean-thumb-ml size-ocean-thumb-ml wp-image-141\" alt=\"\" \/>\t\t\t\t\t\t\t\t\t\t\t\t\t\t\t<\/div>\n\t\t\t\t<\/div>\n\t\t\t\t<\/div>\n\t\t<div class=\"elementor-element elementor-element-97b282c e-con-full e-flex elementor-invisible e-con e-child\" data-id=\"97b282c\" data-element_type=\"container\" data-e-type=\"container\" data-settings=\"{&quot;animation&quot;:&quot;fadeInRight&quot;,&quot;animation_mobile&quot;:&quot;none&quot;}\">\n\t\t\t\t<div class=\"elementor-element elementor-element-726bbdf elementor-widget elementor-widget-heading\" data-id=\"726bbdf\" data-element_type=\"widget\" data-e-type=\"widget\" data-widget_type=\"heading.default\">\n\t\t\t\t<div class=\"elementor-widget-container\">\n\t\t\t\t\t<h2 class=\"elementor-heading-title elementor-size-default\">Tuotteet<\/h2>\t\t\t\t<\/div>\n\t\t\t\t<\/div>\n\t\t\t\t<div class=\"elementor-element elementor-element-3f96e74 elementor-widget elementor-widget-text-editor\" data-id=\"3f96e74\" data-element_type=\"widget\" data-e-type=\"widget\" data-widget_type=\"text-editor.default\">\n\t\t\t\t<div class=\"elementor-widget-container\">\n\t\t\t\t\t\t\t\t\t<p>Aconi Oy maahantuo ja myy Easygel Protect tuotteita Suomessa.<\/p>\t\t\t\t\t\t\t\t<\/div>\n\t\t\t\t<\/div>\n\t\t\t\t<div class=\"elementor-element elementor-element-5125e63 elementor-widget elementor-widget-button\" data-id=\"5125e63\" data-element_type=\"widget\" data-e-type=\"widget\" data-widget_type=\"button.default\">\n\t\t\t\t<div class=\"elementor-widget-container\">\n\t\t\t\t\t\t\t\t\t<div class=\"elementor-button-wrapper\">\n\t\t\t\t\t<a class=\"elementor-button elementor-button-link elementor-size-sm\" href=\"https:\/\/www.easygel.fi\/index.php\/tuotteet\/\">\n\t\t\t\t\t\t<span class=\"elementor-button-content-wrapper\">\n\t\t\t\t\t\t\t\t\t<span class=\"elementor-button-text\">Tutustu tuotteisiin<\/span>\n\t\t\t\t\t<\/span>\n\t\t\t\t\t<\/a>\n\t\t\t\t<\/div>\n\t\t\t\t\t\t\t\t<\/div>\n\t\t\t\t<\/div>\n\t\t\t\t<\/div>\n\t\t\t\t\t<\/div>\n\t\t\t\t<\/div>\n\t\t<div class=\"elementor-element elementor-element-411bfe0 e-flex e-con-boxed e-con e-parent\" data-id=\"411bfe0\" data-element_type=\"container\" data-e-type=\"container\">\n\t\t\t\t\t<div class=\"e-con-inner\">\n\t\t<div class=\"elementor-element elementor-element-2fae65c e-con-full e-flex e-con e-child\" data-id=\"2fae65c\" data-element_type=\"container\" data-e-type=\"container\">\n\t\t\t\t<div class=\"elementor-element elementor-element-b33798e elementor-widget elementor-widget-menu-anchor\" data-id=\"b33798e\" data-element_type=\"widget\" data-e-type=\"widget\" data-widget_type=\"menu-anchor.default\">\n\t\t\t\t<div class=\"elementor-widget-container\">\n\t\t\t\t\t\t\t<div class=\"elementor-menu-anchor\" id=\"yhteystiedot\"><\/div>\n\t\t\t\t\t\t<\/div>\n\t\t\t\t<\/div>\n\t\t\t\t<div class=\"elementor-element elementor-element-8af40ee elementor-widget elementor-widget-heading\" data-id=\"8af40ee\" data-element_type=\"widget\" data-e-type=\"widget\" data-widget_type=\"heading.default\">\n\t\t\t\t<div class=\"elementor-widget-container\">\n\t\t\t\t\t<h2 class=\"elementor-heading-title elementor-size-default\">Aconi Oy<\/h2>\t\t\t\t<\/div>\n\t\t\t\t<\/div>\n\t\t\t\t<div class=\"elementor-element elementor-element-a81fd56 elementor-widget elementor-widget-text-editor\" data-id=\"a81fd56\" data-element_type=\"widget\" data-e-type=\"widget\" data-widget_type=\"text-editor.default\">\n\t\t\t\t<div class=\"elementor-widget-container\">\n\t\t\t\t\t\t\t\t\t<p>Omenankukantie 9<br \/>06150 Porvoo<\/p>\t\t\t\t\t\t\t\t<\/div>\n\t\t\t\t<\/div>\n\t\t\t\t<div class=\"elementor-element elementor-element-755357c elementor-widget elementor-widget-heading\" data-id=\"755357c\" data-element_type=\"widget\" data-e-type=\"widget\" data-widget_type=\"heading.default\">\n\t\t\t\t<div class=\"elementor-widget-container\">\n\t\t\t\t\t<h2 class=\"elementor-heading-title elementor-size-default\">Puhelin<\/h2>\t\t\t\t<\/div>\n\t\t\t\t<\/div>\n\t\t\t\t<div class=\"elementor-element elementor-element-0008368 elementor-widget elementor-widget-text-editor\" data-id=\"0008368\" data-element_type=\"widget\" data-e-type=\"widget\" data-widget_type=\"text-editor.default\">\n\t\t\t\t<div class=\"elementor-widget-container\">\n\t\t\t\t\t\t\t\t\t<p>050-548 2472<\/p>\t\t\t\t\t\t\t\t<\/div>\n\t\t\t\t<\/div>\n\t\t\t\t<div class=\"elementor-element elementor-element-2d531e6 elementor-widget elementor-widget-heading\" data-id=\"2d531e6\" data-element_type=\"widget\" data-e-type=\"widget\" data-widget_type=\"heading.default\">\n\t\t\t\t<div class=\"elementor-widget-container\">\n\t\t\t\t\t<h2 class=\"elementor-heading-title elementor-size-default\">S\u00e4hk\u00f6posti<\/h2>\t\t\t\t<\/div>\n\t\t\t\t<\/div>\n\t\t\t\t<div class=\"elementor-element elementor-element-077bd12 elementor-widget elementor-widget-text-editor\" data-id=\"077bd12\" data-element_type=\"widget\" data-e-type=\"widget\" data-widget_type=\"text-editor.default\">\n\t\t\t\t<div class=\"elementor-widget-container\">\n\t\t\t\t\t\t\t\t\t<p>isto.paaso@easygel.fi<\/p>\t\t\t\t\t\t\t\t<\/div>\n\t\t\t\t<\/div>\n\t\t\t\t<\/div>\n\t\t<div class=\"elementor-element elementor-element-fb50d52 e-con-full e-flex e-con e-child\" data-id=\"fb50d52\" data-element_type=\"container\" data-e-type=\"container\">\n\t\t\t\t<div class=\"elementor-element elementor-element-9da78d1 elementor-widget elementor-widget-heading\" data-id=\"9da78d1\" data-element_type=\"widget\" data-e-type=\"widget\" data-widget_type=\"heading.default\">\n\t\t\t\t<div class=\"elementor-widget-container\">\n\t\t\t\t\t<h2 class=\"elementor-heading-title elementor-size-default\">Voit ottaa yhteytt\u00e4 my\u00f6s lomakkeella<\/h2>\t\t\t\t<\/div>\n\t\t\t\t<\/div>\n\t\t\t\t<div class=\"elementor-element elementor-element-acadbd5 elementor-widget elementor-widget-shortcode\" data-id=\"acadbd5\" data-element_type=\"widget\" data-e-type=\"widget\" data-widget_type=\"shortcode.default\">\n\t\t\t\t<div class=\"elementor-widget-container\">\n\t\t\t\t\t\t\t<div class=\"elementor-shortcode\">\n<div class=\"wpcf7 no-js\" id=\"wpcf7-f51-o1\" lang=\"fi\" dir=\"ltr\" data-wpcf7-id=\"51\">\n<div class=\"screen-reader-response\"><p role=\"status\" aria-live=\"polite\" aria-atomic=\"true\"><\/p> <ul><\/ul><\/div>\n<form action=\"\/index.php\/wp-json\/wp\/v2\/pages\/25#wpcf7-f51-o1\" method=\"post\" class=\"wpcf7-form init\" aria-label=\"Yhteydenottolomake\" novalidate=\"novalidate\" data-status=\"init\">\n<fieldset class=\"hidden-fields-container\"><input type=\"hidden\" name=\"_wpcf7\" value=\"51\" \/><input type=\"hidden\" name=\"_wpcf7_version\" value=\"6.1.5\" \/><input type=\"hidden\" name=\"_wpcf7_locale\" value=\"fi\" \/><input type=\"hidden\" name=\"_wpcf7_unit_tag\" value=\"wpcf7-f51-o1\" \/><input type=\"hidden\" name=\"_wpcf7_container_post\" value=\"0\" \/><input type=\"hidden\" name=\"_wpcf7_posted_data_hash\" value=\"\" \/>\n<\/fieldset>\n<p><label> Nimi<br \/>\n<span class=\"wpcf7-form-control-wrap\" data-name=\"your-name\"><input size=\"40\" maxlength=\"400\" class=\"wpcf7-form-control wpcf7-text wpcf7-validates-as-required\" aria-required=\"true\" aria-invalid=\"false\" value=\"\" type=\"text\" name=\"your-name\" \/><\/span> <\/label>\n<\/p>\n<p><label> S\u00e4hk\u00f6posti<br \/>\n<span class=\"wpcf7-form-control-wrap\" data-name=\"your-email\"><input size=\"40\" maxlength=\"400\" class=\"wpcf7-form-control wpcf7-email wpcf7-validates-as-required wpcf7-text wpcf7-validates-as-email\" aria-required=\"true\" aria-invalid=\"false\" value=\"\" type=\"email\" name=\"your-email\" \/><\/span> <\/label>\n<\/p>\n<p><label> Aihe<br \/>\n<span class=\"wpcf7-form-control-wrap\" data-name=\"your-subject\"><input size=\"40\" maxlength=\"400\" class=\"wpcf7-form-control wpcf7-text wpcf7-validates-as-required\" aria-required=\"true\" aria-invalid=\"false\" value=\"\" type=\"text\" name=\"your-subject\" \/><\/span> <\/label>\n<\/p>\n<p><label> Viesti<br \/>\n<span class=\"wpcf7-form-control-wrap\" data-name=\"your-message\"><textarea cols=\"40\" rows=\"10\" maxlength=\"2000\" class=\"wpcf7-form-control wpcf7-textarea\" aria-invalid=\"false\" name=\"your-message\"><\/textarea><\/span> <\/label>\n<\/p>\n<p><input class=\"wpcf7-form-control wpcf7-submit has-spinner\" type=\"submit\" value=\"L\u00e4het\u00e4\" \/>\n<\/p><div class=\"wpcf7-response-output\" aria-hidden=\"true\"><\/div>\n<\/form>\n<\/div>\n<\/div>\n\t\t\t\t\t\t<\/div>\n\t\t\t\t<\/div>\n\t\t\t\t<\/div>\n\t\t\t\t\t<\/div>\n\t\t\t\t<\/div>\n\t\t\t\t<\/div>\n\t\t","protected":false},"excerpt":{"rendered":"<p>Easygel Easygel Protect BCL valmistaa tuotteita p\u00f6lynhallintaan. Yrityksell\u00e4 on tuotteita mm. kiviainesten porauksessa syntyv\u00e4n p\u00f6lyn hallintaan, timanttiporaukseen, putkien katkaisuun, asfaltin leikkaukseen ja poraukseen, tapetin poistoon yms. OTA YHTEYTT\u00c4 Tuotteet Aconi Oy maahantuo ja myy Easygel Protect tuotteita Suomessa. Tutustu tuotteisiin Aconi Oy Omenankukantie 906150 Porvoo Puhelin 050-548 2472 S\u00e4hk\u00f6posti isto.paaso@easygel.fi Voit ottaa yhteytt\u00e4 my\u00f6s lomakkeella<\/p>\n","protected":false},"author":1,"featured_media":0,"parent":0,"menu_order":0,"comment_status":"closed","ping_status":"closed","template":"elementor_header_footer","meta":{"footnotes":""},"class_list":["post-25","page","type-page","status-publish","hentry","entry","owp-thumbs-layout-horizontal","owp-btn-normal","owp-tabs-layout-horizontal","has-no-thumbnails"],"yoast_head":"<!-- This site is optimized with the Yoast SEO plugin v27.4 - https:\/\/yoast.com\/product\/yoast-seo-wordpress\/ -->\n<title>Easygel<\/title>\n<meta name=\"robots\" content=\"index, follow, max-snippet:-1, max-image-preview:large, max-video-preview:-1\" \/>\n<link rel=\"canonical\" href=\"https:\/\/www.easygel.fi\/\" \/>\n<meta property=\"og:locale\" content=\"fi_FI\" \/>\n<meta property=\"og:type\" content=\"article\" \/>\n<meta property=\"og:title\" content=\"Easygel\" \/>\n<meta property=\"og:description\" content=\"Easygel Easygel Protect BCL valmistaa tuotteita p\u00f6lynhallintaan. Yrityksell\u00e4 on tuotteita mm. kiviainesten porauksessa syntyv\u00e4n p\u00f6lyn hallintaan, timanttiporaukseen, putkien katkaisuun, asfaltin leikkaukseen ja poraukseen, tapetin poistoon yms. OTA YHTEYTT\u00c4 Tuotteet Aconi Oy maahantuo ja myy Easygel Protect tuotteita Suomessa. Tutustu tuotteisiin Aconi Oy Omenankukantie 906150 Porvoo Puhelin 050-548 2472 S\u00e4hk\u00f6posti isto.paaso@easygel.fi Voit ottaa yhteytt\u00e4 my\u00f6s lomakkeella\" \/>\n<meta property=\"og:url\" content=\"https:\/\/www.easygel.fi\/\" \/>\n<meta property=\"og:site_name\" content=\"Easygel\" \/>\n<meta property=\"article:modified_time\" content=\"2024-10-09T08:59:48+00:00\" \/>\n<meta property=\"og:image\" content=\"https:\/\/www.easygel.fi\/wp-content\/uploads\/2024\/09\/Tausta-7.png\" \/>\n\t<meta property=\"og:image:width\" content=\"1720\" \/>\n\t<meta property=\"og:image:height\" content=\"856\" \/>\n\t<meta property=\"og:image:type\" content=\"image\/png\" \/>\n<meta name=\"twitter:card\" content=\"summary_large_image\" \/>\n<meta name=\"twitter:label1\" content=\"Arvioitu lukuaika\" \/>\n\t<meta name=\"twitter:data1\" content=\"1 minuutti\" \/>\n<script type=\"application\/ld+json\" class=\"yoast-schema-graph\">{\"@context\":\"https:\\\/\\\/schema.org\",\"@graph\":[{\"@type\":\"WebPage\",\"@id\":\"https:\\\/\\\/www.easygel.fi\\\/\",\"url\":\"https:\\\/\\\/www.easygel.fi\\\/\",\"name\":\"Easygel\",\"isPartOf\":{\"@id\":\"https:\\\/\\\/www.easygel.fi\\\/#website\"},\"primaryImageOfPage\":{\"@id\":\"https:\\\/\\\/www.easygel.fi\\\/#primaryimage\"},\"image\":{\"@id\":\"https:\\\/\\\/www.easygel.fi\\\/#primaryimage\"},\"thumbnailUrl\":\"https:\\\/\\\/www.easygel.fi\\\/wp-content\\\/uploads\\\/2024\\\/09\\\/Tausta-7-800x450.png\",\"datePublished\":\"2024-08-12T09:29:06+00:00\",\"dateModified\":\"2024-10-09T08:59:48+00:00\",\"breadcrumb\":{\"@id\":\"https:\\\/\\\/www.easygel.fi\\\/#breadcrumb\"},\"inLanguage\":\"fi\",\"potentialAction\":[{\"@type\":\"ReadAction\",\"target\":[\"https:\\\/\\\/www.easygel.fi\\\/\"]}]},{\"@type\":\"ImageObject\",\"inLanguage\":\"fi\",\"@id\":\"https:\\\/\\\/www.easygel.fi\\\/#primaryimage\",\"url\":\"https:\\\/\\\/www.easygel.fi\\\/wp-content\\\/uploads\\\/2024\\\/09\\\/Tausta-7.png\",\"contentUrl\":\"https:\\\/\\\/www.easygel.fi\\\/wp-content\\\/uploads\\\/2024\\\/09\\\/Tausta-7.png\",\"width\":1720,\"height\":856},{\"@type\":\"BreadcrumbList\",\"@id\":\"https:\\\/\\\/www.easygel.fi\\\/#breadcrumb\",\"itemListElement\":[{\"@type\":\"ListItem\",\"position\":1,\"name\":\"Etusivu\",\"item\":\"https:\\\/\\\/www.easygel.fi\\\/\"},{\"@type\":\"ListItem\",\"position\":2,\"name\":\"Etusivu\"}]},{\"@type\":\"WebSite\",\"@id\":\"https:\\\/\\\/www.easygel.fi\\\/#website\",\"url\":\"https:\\\/\\\/www.easygel.fi\\\/\",\"name\":\"Easygel\",\"description\":\"\",\"potentialAction\":[{\"@type\":\"SearchAction\",\"target\":{\"@type\":\"EntryPoint\",\"urlTemplate\":\"https:\\\/\\\/www.easygel.fi\\\/?s={search_term_string}\"},\"query-input\":{\"@type\":\"PropertyValueSpecification\",\"valueRequired\":true,\"valueName\":\"search_term_string\"}}],\"inLanguage\":\"fi\"}]}<\/script>\n<!-- \/ Yoast SEO plugin. -->","yoast_head_json":{"title":"Easygel","robots":{"index":"index","follow":"follow","max-snippet":"max-snippet:-1","max-image-preview":"max-image-preview:large","max-video-preview":"max-video-preview:-1"},"canonical":"https:\/\/www.easygel.fi\/","og_locale":"fi_FI","og_type":"article","og_title":"Easygel","og_description":"Easygel Easygel Protect BCL valmistaa tuotteita p\u00f6lynhallintaan. Yrityksell\u00e4 on tuotteita mm. kiviainesten porauksessa syntyv\u00e4n p\u00f6lyn hallintaan, timanttiporaukseen, putkien katkaisuun, asfaltin leikkaukseen ja poraukseen, tapetin poistoon yms. OTA YHTEYTT\u00c4 Tuotteet Aconi Oy maahantuo ja myy Easygel Protect tuotteita Suomessa. Tutustu tuotteisiin Aconi Oy Omenankukantie 906150 Porvoo Puhelin 050-548 2472 S\u00e4hk\u00f6posti isto.paaso@easygel.fi Voit ottaa yhteytt\u00e4 my\u00f6s lomakkeella","og_url":"https:\/\/www.easygel.fi\/","og_site_name":"Easygel","article_modified_time":"2024-10-09T08:59:48+00:00","og_image":[{"width":1720,"height":856,"url":"https:\/\/www.easygel.fi\/wp-content\/uploads\/2024\/09\/Tausta-7.png","type":"image\/png"}],"twitter_card":"summary_large_image","twitter_misc":{"Arvioitu lukuaika":"1 minuutti"},"schema":{"@context":"https:\/\/schema.org","@graph":[{"@type":"WebPage","@id":"https:\/\/www.easygel.fi\/","url":"https:\/\/www.easygel.fi\/","name":"Easygel","isPartOf":{"@id":"https:\/\/www.easygel.fi\/#website"},"primaryImageOfPage":{"@id":"https:\/\/www.easygel.fi\/#primaryimage"},"image":{"@id":"https:\/\/www.easygel.fi\/#primaryimage"},"thumbnailUrl":"https:\/\/www.easygel.fi\/wp-content\/uploads\/2024\/09\/Tausta-7-800x450.png","datePublished":"2024-08-12T09:29:06+00:00","dateModified":"2024-10-09T08:59:48+00:00","breadcrumb":{"@id":"https:\/\/www.easygel.fi\/#breadcrumb"},"inLanguage":"fi","potentialAction":[{"@type":"ReadAction","target":["https:\/\/www.easygel.fi\/"]}]},{"@type":"ImageObject","inLanguage":"fi","@id":"https:\/\/www.easygel.fi\/#primaryimage","url":"https:\/\/www.easygel.fi\/wp-content\/uploads\/2024\/09\/Tausta-7.png","contentUrl":"https:\/\/www.easygel.fi\/wp-content\/uploads\/2024\/09\/Tausta-7.png","width":1720,"height":856},{"@type":"BreadcrumbList","@id":"https:\/\/www.easygel.fi\/#breadcrumb","itemListElement":[{"@type":"ListItem","position":1,"name":"Etusivu","item":"https:\/\/www.easygel.fi\/"},{"@type":"ListItem","position":2,"name":"Etusivu"}]},{"@type":"WebSite","@id":"https:\/\/www.easygel.fi\/#website","url":"https:\/\/www.easygel.fi\/","name":"Easygel","description":"","potentialAction":[{"@type":"SearchAction","target":{"@type":"EntryPoint","urlTemplate":"https:\/\/www.easygel.fi\/?s={search_term_string}"},"query-input":{"@type":"PropertyValueSpecification","valueRequired":true,"valueName":"search_term_string"}}],"inLanguage":"fi"}]}},"_links":{"self":[{"href":"https:\/\/www.easygel.fi\/index.php\/wp-json\/wp\/v2\/pages\/25","targetHints":{"allow":["GET"]}}],"collection":[{"href":"https:\/\/www.easygel.fi\/index.php\/wp-json\/wp\/v2\/pages"}],"about":[{"href":"https:\/\/www.easygel.fi\/index.php\/wp-json\/wp\/v2\/types\/page"}],"author":[{"embeddable":true,"href":"https:\/\/www.easygel.fi\/index.php\/wp-json\/wp\/v2\/users\/1"}],"replies":[{"embeddable":true,"href":"https:\/\/www.easygel.fi\/index.php\/wp-json\/wp\/v2\/comments?post=25"}],"version-history":[{"count":64,"href":"https:\/\/www.easygel.fi\/index.php\/wp-json\/wp\/v2\/pages\/25\/revisions"}],"predecessor-version":[{"id":199,"href":"https:\/\/www.easygel.fi\/index.php\/wp-json\/wp\/v2\/pages\/25\/revisions\/199"}],"wp:attachment":[{"href":"https:\/\/www.easygel.fi\/index.php\/wp-json\/wp\/v2\/media?parent=25"}],"curies":[{"name":"wp","href":"https:\/\/api.w.org\/{rel}","templated":true}]}}